{"id":11585,"date":"2024-02-01T13:22:15","date_gmt":"2024-02-01T12:22:15","guid":{"rendered":"https:\/\/tahelaser.com\/equipamentos-tahe-laser-system\/electroporador-nd\/"},"modified":"2025-07-09T13:09:42","modified_gmt":"2025-07-09T11:09:42","slug":"electroporador-nd","status":"publish","type":"page","link":"https:\/\/tahelaser.com\/pt-pt\/equipamentos-tahe-laser-system\/electroporador-nd\/","title":{"rendered":"Electroporador ND"},"content":{"rendered":"","protected":false},"excerpt":{"rendered":"","protected":false},"author":2,"featured_media":0,"parent":10435,"menu_order":0,"comment_status":"closed","ping_status":"closed","template":"","meta":{"footnotes":""},"class_list":["post-11585","page","type-page","status-publish","hentry"],"yoast_head":"\nElectroporator ND | Aluguer de Equipamento de Est\u00e9tica<\/title>\n<meta name=\"description\" content=\"Descubra o equipamento de electropora\u00e7\u00e3o ND da Tahe Laser System, fabricado em Espanha com a melhor tecnologia, saiba mais!\" \/>\n<meta name=\"robots\" content=\"index, follow, max-snippet:-1, max-image-preview:large, max-video-preview:-1\" \/>\n<link rel=\"canonical\" href=\"https:\/\/tahelaser.com\/pt-pt\/equipamentos-tahe-laser-system\/electroporador-nd\/\" \/>\n<meta property=\"og:locale\" content=\"pt_PT\" \/>\n<meta property=\"og:type\" content=\"article\" \/>\n<meta property=\"og:title\" content=\"Electroporator ND | Aluguer de Equipamento de Est\u00e9tica\" \/>\n<meta property=\"og:description\" content=\"Descubra o equipamento de electropora\u00e7\u00e3o ND da Tahe Laser System, fabricado em Espanha com a melhor tecnologia, saiba mais!\" \/>\n<meta property=\"og:url\" content=\"https:\/\/tahelaser.com\/pt-pt\/equipamentos-tahe-laser-system\/electroporador-nd\/\" \/>\n<meta property=\"og:site_name\" content=\"Tahe Laser System\" \/>\n<meta property=\"article:modified_time\" content=\"2025-07-09T11:09:42+00:00\" \/>\n<meta name=\"twitter:card\" content=\"summary_large_image\" \/>\n<meta name=\"twitter:label1\" content=\"Tempo estimado de leitura\" \/>\n\t<meta name=\"twitter:data1\" content=\"2 minutos\" \/>\n<script type=\"application\/ld+json\" class=\"yoast-schema-graph\">{\"@context\":\"https:\\\/\\\/schema.org\",\"@graph\":[{\"@type\":\"WebPage\",\"@id\":\"https:\\\/\\\/tahelaser.com\\\/pt-pt\\\/equipamentos-tahe-laser-system\\\/electroporador-nd\\\/\",\"url\":\"https:\\\/\\\/tahelaser.com\\\/pt-pt\\\/equipamentos-tahe-laser-system\\\/electroporador-nd\\\/\",\"name\":\"Electroporator ND | Aluguer de Equipamento de Est\u00e9tica\",\"isPartOf\":{\"@id\":\"https:\\\/\\\/tahelaser.com\\\/pt-pt\\\/#website\"},\"datePublished\":\"2024-02-01T12:22:15+00:00\",\"dateModified\":\"2025-07-09T11:09:42+00:00\",\"description\":\"Descubra o equipamento de electropora\u00e7\u00e3o ND da Tahe Laser System, fabricado em Espanha com a melhor tecnologia, saiba mais!\",\"breadcrumb\":{\"@id\":\"https:\\\/\\\/tahelaser.com\\\/pt-pt\\\/equipamentos-tahe-laser-system\\\/electroporador-nd\\\/#breadcrumb\"},\"inLanguage\":\"pt-PT\",\"potentialAction\":[{\"@type\":\"ReadAction\",\"target\":[\"https:\\\/\\\/tahelaser.com\\\/pt-pt\\\/equipamentos-tahe-laser-system\\\/electroporador-nd\\\/\"]}]},{\"@type\":\"BreadcrumbList\",\"@id\":\"https:\\\/\\\/tahelaser.com\\\/pt-pt\\\/equipamentos-tahe-laser-system\\\/electroporador-nd\\\/#breadcrumb\",\"itemListElement\":[{\"@type\":\"ListItem\",\"position\":1,\"name\":\"Home\",\"item\":\"https:\\\/\\\/tahelaser.com\\\/pt-pt\\\/\"},{\"@type\":\"ListItem\",\"position\":2,\"name\":\"Equipamentos\",\"item\":\"https:\\\/\\\/tahelaser.com\\\/pt-pt\\\/equipamentos-tahe-laser-system\\\/\"},{\"@type\":\"ListItem\",\"position\":3,\"name\":\"Electroporador ND\"}]},{\"@type\":\"WebSite\",\"@id\":\"https:\\\/\\\/tahelaser.com\\\/pt-pt\\\/#website\",\"url\":\"https:\\\/\\\/tahelaser.com\\\/pt-pt\\\/\",\"name\":\"Tahe Laser System\",\"description\":\"Alquiler de aparatolog\u00eda est\u00e9tica\",\"publisher\":{\"@id\":\"https:\\\/\\\/tahelaser.com\\\/pt-pt\\\/#organization\"},\"potentialAction\":[{\"@type\":\"SearchAction\",\"target\":{\"@type\":\"EntryPoint\",\"urlTemplate\":\"https:\\\/\\\/tahelaser.com\\\/pt-pt\\\/?s={search_term_string}\"},\"query-input\":{\"@type\":\"PropertyValueSpecification\",\"valueRequired\":true,\"valueName\":\"search_term_string\"}}],\"inLanguage\":\"pt-PT\"},{\"@type\":\"Organization\",\"@id\":\"https:\\\/\\\/tahelaser.com\\\/pt-pt\\\/#organization\",\"name\":\"Tahe Laser System\",\"url\":\"https:\\\/\\\/tahelaser.com\\\/pt-pt\\\/\",\"logo\":{\"@type\":\"ImageObject\",\"inLanguage\":\"pt-PT\",\"@id\":\"https:\\\/\\\/tahelaser.com\\\/pt-pt\\\/#\\\/schema\\\/logo\\\/image\\\/\",\"url\":\"https:\\\/\\\/tahelaser.com\\\/wp-content\\\/uploads\\\/2019\\\/09\\\/Tahe-Laser-System-Logo.jpg\",\"contentUrl\":\"https:\\\/\\\/tahelaser.com\\\/wp-content\\\/uploads\\\/2019\\\/09\\\/Tahe-Laser-System-Logo.jpg\",\"width\":1632,\"height\":896,\"caption\":\"Tahe Laser System\"},\"image\":{\"@id\":\"https:\\\/\\\/tahelaser.com\\\/pt-pt\\\/#\\\/schema\\\/logo\\\/image\\\/\"}}]}<\/script>\n<!-- \/ Yoast SEO plugin. -->","yoast_head_json":{"title":"Electroporator ND | Aluguer de Equipamento de Est\u00e9tica","description":"Descubra o equipamento de electropora\u00e7\u00e3o ND da Tahe Laser System, fabricado em Espanha com a melhor tecnologia, saiba mais!","robots":{"index":"index","follow":"follow","max-snippet":"max-snippet:-1","max-image-preview":"max-image-preview:large","max-video-preview":"max-video-preview:-1"},"canonical":"https:\/\/tahelaser.com\/pt-pt\/equipamentos-tahe-laser-system\/electroporador-nd\/","og_locale":"pt_PT","og_type":"article","og_title":"Electroporator ND | Aluguer de Equipamento de Est\u00e9tica","og_description":"Descubra o equipamento de electropora\u00e7\u00e3o ND da Tahe Laser System, fabricado em Espanha com a melhor tecnologia, saiba mais!","og_url":"https:\/\/tahelaser.com\/pt-pt\/equipamentos-tahe-laser-system\/electroporador-nd\/","og_site_name":"Tahe Laser System","article_modified_time":"2025-07-09T11:09:42+00:00","twitter_card":"summary_large_image","twitter_misc":{"Tempo estimado de leitura":"2 minutos"},"schema":{"@context":"https:\/\/schema.org","@graph":[{"@type":"WebPage","@id":"https:\/\/tahelaser.com\/pt-pt\/equipamentos-tahe-laser-system\/electroporador-nd\/","url":"https:\/\/tahelaser.com\/pt-pt\/equipamentos-tahe-laser-system\/electroporador-nd\/","name":"Electroporator ND | Aluguer de Equipamento de Est\u00e9tica","isPartOf":{"@id":"https:\/\/tahelaser.com\/pt-pt\/#website"},"datePublished":"2024-02-01T12:22:15+00:00","dateModified":"2025-07-09T11:09:42+00:00","description":"Descubra o equipamento de electropora\u00e7\u00e3o ND da Tahe Laser System, fabricado em Espanha com a melhor tecnologia, saiba mais!","breadcrumb":{"@id":"https:\/\/tahelaser.com\/pt-pt\/equipamentos-tahe-laser-system\/electroporador-nd\/#breadcrumb"},"inLanguage":"pt-PT","potentialAction":[{"@type":"ReadAction","target":["https:\/\/tahelaser.com\/pt-pt\/equipamentos-tahe-laser-system\/electroporador-nd\/"]}]},{"@type":"BreadcrumbList","@id":"https:\/\/tahelaser.com\/pt-pt\/equipamentos-tahe-laser-system\/electroporador-nd\/#breadcrumb","itemListElement":[{"@type":"ListItem","position":1,"name":"Home","item":"https:\/\/tahelaser.com\/pt-pt\/"},{"@type":"ListItem","position":2,"name":"Equipamentos","item":"https:\/\/tahelaser.com\/pt-pt\/equipamentos-tahe-laser-system\/"},{"@type":"ListItem","position":3,"name":"Electroporador ND"}]},{"@type":"WebSite","@id":"https:\/\/tahelaser.com\/pt-pt\/#website","url":"https:\/\/tahelaser.com\/pt-pt\/","name":"Tahe Laser System","description":"Alquiler de aparatolog\u00eda est\u00e9tica","publisher":{"@id":"https:\/\/tahelaser.com\/pt-pt\/#organization"},"potentialAction":[{"@type":"SearchAction","target":{"@type":"EntryPoint","urlTemplate":"https:\/\/tahelaser.com\/pt-pt\/?s={search_term_string}"},"query-input":{"@type":"PropertyValueSpecification","valueRequired":true,"valueName":"search_term_string"}}],"inLanguage":"pt-PT"},{"@type":"Organization","@id":"https:\/\/tahelaser.com\/pt-pt\/#organization","name":"Tahe Laser System","url":"https:\/\/tahelaser.com\/pt-pt\/","logo":{"@type":"ImageObject","inLanguage":"pt-PT","@id":"https:\/\/tahelaser.com\/pt-pt\/#\/schema\/logo\/image\/","url":"https:\/\/tahelaser.com\/wp-content\/uploads\/2019\/09\/Tahe-Laser-System-Logo.jpg","contentUrl":"https:\/\/tahelaser.com\/wp-content\/uploads\/2019\/09\/Tahe-Laser-System-Logo.jpg","width":1632,"height":896,"caption":"Tahe Laser System"},"image":{"@id":"https:\/\/tahelaser.com\/pt-pt\/#\/schema\/logo\/image\/"}}]}},"_links":{"self":[{"href":"https:\/\/tahelaser.com\/pt-pt\/wp-json\/wp\/v2\/pages\/11585","targetHints":{"allow":["GET"]}}],"collection":[{"href":"https:\/\/tahelaser.com\/pt-pt\/wp-json\/wp\/v2\/pages"}],"about":[{"href":"https:\/\/tahelaser.com\/pt-pt\/wp-json\/wp\/v2\/types\/page"}],"author":[{"embeddable":true,"href":"https:\/\/tahelaser.com\/pt-pt\/wp-json\/wp\/v2\/users\/2"}],"replies":[{"embeddable":true,"href":"https:\/\/tahelaser.com\/pt-pt\/wp-json\/wp\/v2\/comments?post=11585"}],"version-history":[{"count":5,"href":"https:\/\/tahelaser.com\/pt-pt\/wp-json\/wp\/v2\/pages\/11585\/revisions"}],"predecessor-version":[{"id":12209,"href":"https:\/\/tahelaser.com\/pt-pt\/wp-json\/wp\/v2\/pages\/11585\/revisions\/12209"}],"up":[{"embeddable":true,"href":"https:\/\/tahelaser.com\/pt-pt\/wp-json\/wp\/v2\/pages\/10435"}],"wp:attachment":[{"href":"https:\/\/tahelaser.com\/pt-pt\/wp-json\/wp\/v2\/media?parent=11585"}],"curies":[{"name":"wp","href":"https:\/\/api.w.org\/{rel}","templated":true}]}}