{"id":10574,"date":"2019-09-04T07:30:37","date_gmt":"2019-09-04T07:30:37","guid":{"rendered":"https:\/\/tahelaser.com\/politica-de-privacidad-y-proteccion-de-datos\/"},"modified":"2022-12-22T14:50:05","modified_gmt":"2022-12-22T13:50:05","slug":"politica-de-privacidade","status":"publish","type":"page","link":"https:\/\/tahelaser.com\/pt-pt\/politica-de-privacidade\/","title":{"rendered":"Pol\u00edtica de privacidade"},"content":{"rendered":"\r\n<p>Em cumprimento do Regulamento (UE) 2016\/679 do Parlamento Europeu e do Conselho, de 27 de abril de 2016, relativo \u00e0 prote\u00e7\u00e3o das pessoas f\u00edsicas no que respeita ao tratamento de dados pessoais, que revoga a diretiva 95\/46\/CE (a seguir designada, RGPD), da Lei 34\/2002, de 11 de julho, sobre servi\u00e7os da sociedade de informa\u00e7\u00e3o e de com\u00e9rcio eletr\u00f3nico (doravante, LSSI-CE) e da Lei Org\u00e2nica 3\/2018, de Prote\u00e7\u00e3o de Dados Pessoais e garantia dos direitos digitais NEO-DEPIL LASER S.L. garante a prote\u00e7\u00e3o e confidencialidade dos dados pessoais, de qualquer natureza, fornecidos pelos nossos clientes, de acordo com o disposto no Regulamento Geral de Prote\u00e7\u00e3o de Dados de Car\u00e1cter Pessoal.<\/p>\r\n<p>A Pol\u00edtica de Prote\u00e7\u00e3o de Dados de NEO-DEPIL LASER S.L. assenta no princ\u00edpio de responsabilidade proactiva, segundo o qual o Respons\u00e1vel do tratamento \u00e9 respons\u00e1vel pelo cumprimento do quadro normativo e jurisprudencial, podendo demonstr\u00e1-lo perante as autoridades de controlo correspondentes.<\/p>\r\n<p>Os dados fornecidos ser\u00e3o tratados nos termos estabelecidos no RGPD, neste sentido NEO-DEPIL LASER S.L. adotou os n\u00edveis de prote\u00e7\u00e3o, legalmente exigidos e instalou todas as medidas t\u00e9cnicas ao seu dispor para evitar a perda, uso indevido, altera\u00e7\u00e3o, acesso n\u00e3o autorizado por terceiros, abaixo indicadas. No entanto, o utilizador deve ser consciente de que as medidas de seguran\u00e7a na Internet n\u00e3o s\u00e3o inexpugn\u00e1veis.<\/p>\r\n<p><strong>Respons\u00e1vel pelo tratamento: Quem somos?<\/strong><\/p>\r\n<p>Denomina\u00e7\u00e3o: NEO-DEPIL LASER S.L.<br \/>CIF: B73159501<br \/>Dire\u00e7\u00e3o: Avenida Grecia Parcela 5.1, Pol\u00edgono Las Salinas 30840 Alhama de M\u00farcia, M\u00farcia.<br \/>Telefone: 902 333 114<br \/>Correio eletr\u00f3nico: <a href=\"mailto:info@tahelaser.com\">info@tahelaser.com<\/a><\/p>\r\n<p><strong>Finalidade do tratamento: Para que usaremos os seus dados?<\/strong><\/p>\r\n<p>Todos os dados facilitados pelos nossos clientes e\/ou visitantes no site da NEO-DEPIL LASER S.L. ou ao seu pessoal, ser\u00e3o inclu\u00eddos no registo de atividades de tratamento de dados de car\u00e1cter pessoal, criado e mantido sob a responsabilidade de NEO-DEPIL LASER S.L., imprescind\u00edveis para prestar os servi\u00e7os solicitados pelos utilizadores, ou para resolver as d\u00favidas ou quest\u00f5es colocadas pelos nossos visitantes. A nossa pol\u00edtica \u00e9 n\u00e3o criar perfis sobre os utilizadores dos nossos servi\u00e7os.<\/p>\r\n<p><strong>Legitimidade de tratamento: Porque necessitamos dos seus dados?<\/strong><\/p>\r\n<ol>\r\n<li>a) Rela\u00e7\u00e3o contratual: \u00c9 o que se aplica quando compra um dos nossos produtos ou contrata algum dos nossos servi\u00e7os.<\/li>\r\n<li>b) Interesse leg\u00edtimo: Para atender as consultas e reclama\u00e7\u00f5es que nos apresenta e para administrar a cobran\u00e7a dos valores devidos.<\/li>\r\n<li>c) O seu consentimento: Se \u00e9 utilizador do nosso website, ao assinalar a caixa que aparece no formul\u00e1rio de contacto, autoriza-nos a enviar-lhe as comunica\u00e7\u00f5es necess\u00e1rias para dar resposta \u00e0 consulta ou pedido de informa\u00e7\u00e3o solicitada.<\/li>\r\n<\/ol>\r\n<p><strong>Destinat\u00e1rios: Com quem partilhamos os seus dados?<\/strong><\/p>\r\n<p>N\u00e3o cedemos os seus dados pessoais a ningu\u00e9m, \u00e0 exce\u00e7\u00e3o daquelas entidades p\u00fablicas ou privadas, a quem somos obrigados a fornecer os seus dados pessoais por motivos de cumprimento de alguma lei. A t\u00edtulo de exemplo, a Lei Fiscal obriga a fornecer \u00e0 Autoridade Tribut\u00e1ria, determinadas informa\u00e7\u00f5es sobre opera\u00e7\u00f5es econ\u00f3micas que excedam um determinado montante.<\/p>\r\n<p>Caso, para al\u00e9m dos pressupostos acima referidos, necessitemos de divulgar a sua informa\u00e7\u00e3o pessoal a outras entidades, solicitaremos previamente a sua autoriza\u00e7\u00e3o atrav\u00e9s de op\u00e7\u00f5es claras, que lhe permitir\u00e3o decidir a esse respeito.<\/p>\r\n<p><strong>Comunica\u00e7\u00e3o: Para onde poder\u00edamos enviar os seus dados?<\/strong><\/p>\r\n<p>N\u00e3o faremos transfer\u00eancias internacionais dos seus dados pessoais para nenhuma das finalidades indicadas.<\/p>\r\n<p><strong>Conserva\u00e7\u00e3o: Quanto tempo manteremos os seus dados?<\/strong><\/p>\r\n<p>Apenas conservaremos os seus dados pessoais durante o tempo necess\u00e1rio para atingir os fins, para os quais foram recolhidos. Ao determinar o per\u00edodo de conserva\u00e7\u00e3o apropriado, examinamos os riscos envolvidos no tratamento, bem como as nossas obriga\u00e7\u00f5es contratuais, legais e regulamentos, as pol\u00edticas internas de conserva\u00e7\u00e3o de dados e os nossos interesses comerciais leg\u00edtimos descritos no presente Aviso de Privacidade e Pol\u00edtica de Cookies.<\/p>\r\n<p>Neste sentido, NEO-DEPIL LASER S.L. conservar\u00e1 os dados pessoais, ap\u00f3s ter terminado a rela\u00e7\u00e3o consigo, devidamente bloqueados, durante o prazo de prescri\u00e7\u00e3o das a\u00e7\u00f5es que possam derivar da rela\u00e7\u00e3o mantida com o interessado.<\/p>\r\n<p>Uma vez bloqueados, os seus dados ficar\u00e3o inacess\u00edveis para NEO-DEPIL LASER S.L., e n\u00e3o ser\u00e3o tratados, exceto para coloca-los \u00e0 disposi\u00e7\u00e3o das Administra\u00e7\u00f5es p\u00fablicas, Ju\u00edzes e Tribunais, para a aten\u00e7\u00e3o de poss\u00edveis responsabilidades decorrentes dos tratamentos, bem como para o exerc\u00edcio e defesa de reclama\u00e7\u00f5es perante a Ag\u00eancia Espanhola de Prote\u00e7\u00e3o de Dados.<\/p>\r\n<p><strong>Seguran\u00e7a: Como vamos proteger os seus dados?<\/strong><\/p>\r\n<p>Empregamos todos os esfor\u00e7os poss\u00edveis para manter a confidencialidade da informa\u00e7\u00e3o pessoal processada nos nossos sistemas. Mantemos n\u00edveis estritos de seguran\u00e7a para proteger os dados de car\u00e1cter pessoal que processamos face a perdas fortuitas e a acessos, tratamentos ou divulga\u00e7\u00f5es n\u00e3o autorizadas, tendo em conta o estado da tecnologia, a natureza e os riscos a que est\u00e3o expostos os dados. No entanto, n\u00e3o podemos ser responsabilizados pelo uso que faz dos dados (inclu\u00eddo utilizador e senha) que utilize na nossa web. A nossa equipa segue normas r\u00edgidas de privacidade e no caso de contratarmos terceiros para prestar servi\u00e7os de suporte, exigimos que cumpram as mesmas normas, permitindo-nos audita-los relativamente \u00e0 conformidade.<\/p>\r\n<p><strong>Os seus direitos: Que direitos pode exercer como parte interessada?<\/strong><\/p>\r\n<p>Informamos que poder\u00e1 exercer os seguintes direitos:<\/p>\r\n<ul>\r\n<li>Direito de acesso aos seus dados pessoais, para saber quais os dados que est\u00e3o a ser objeto de tratamento e as opera\u00e7\u00f5es efetuadas com os mesmos;<\/li>\r\n<li>Direito de retifica\u00e7\u00e3o de qualquer dado pessoal inexato;<\/li>\r\n<li>Direito de supress\u00e3o dos seus dados pessoais, quando tal seja poss\u00edvel (por exemplo, por imperativo legal);<\/li>\r\n<li>Direito de limitar o tratamento dos seus dados pessoais, quando seja duvidosa a sua exatid\u00e3o, a legalidade ou a necessidade do tratamento dos dados, caso em que poderemos conserva-los para o exerc\u00edcio ou defesa de reclama\u00e7\u00f5es.<\/li>\r\n<li>Direito de oposi\u00e7\u00e3o ao tratamento dos seus dados pessoais, quando a base legal que nos permite tratar os indicados, for de nosso legitimo interesse. NEO-DEPIL LASER S.L. deixar\u00e1 de tratar dos seus dados, a menos que tenha um interesse legitimo ou seja necess\u00e1rio para a defesa de reclama\u00e7\u00f5es.<\/li>\r\n<li>Direito \u00e0 portabilidade dos seus dados, quando a base legal que nos permite o seu tratamento, seja a exist\u00eancia de uma rela\u00e7\u00e3o contratual ou o seu consentimento.<\/li>\r\n<li>Direito a revogar o consentimento concedido a NEO-DEPIL LASER S.L<\/li>\r\n<\/ul>\r\n<p>Para exercer os seus direitos, pode faze-lo de forma gratuita e a qualquer momento, entrando em contacto connosco no endere\u00e7o Avenida Grecia Parcela 5.1, Pol\u00edgono Las Salinas 30840 Alhama de M\u00farcia, M\u00daRCIA, anexando uma c\u00f3pia do seu documento de identidade.<\/p>\r\n<p><strong>Prote\u00e7\u00e3o de direitos: Onde pode fazer uma reclama\u00e7\u00e3o?<\/strong><\/p>\r\n<p>Em caso de entender que os seus direitos foram negligenciados pela nossa entidade, pode registar uma reclama\u00e7\u00e3o na Ag\u00eancia Espanhola de Prote\u00e7\u00e3o de Dados, atrav\u00e9s de qualquer um dos seguintes meios:<\/p>\r\n<p>\u00a0\u2013 Sede eletr\u00f3nica: <a href=\"https:\/\/www.aepd.es\">https:\/\/www.aepd.es<\/a><\/p>\r\n<p>\u2013 Correio postal: Ag\u00eancia Espanhola de Prote\u00e7\u00e3o de Dados, C\/ Jorge Juan, 6, 28001, Madrid<\/p>\r\n<p>\u2013 Telefone: 901.100.099 e 912.663.517<\/p>\r\n<p>Formular uma reclama\u00e7\u00e3o na Ag\u00eancia Espanhola de Prote\u00e7\u00e3o de Dados n\u00e3o implica qualquer custo e n\u00e3o \u00e9 necess\u00e1ria a presen\u00e7a de advogado ou solicitador.<\/p>\r\n<p><strong>Atualiza\u00e7\u00f5es: Que altera\u00e7\u00f5es podem haver nesta Pol\u00edtica de Privacidade?<\/strong><\/p>\r\n<p>NEO-DEPIL LASER S.L. reserva-se ao direito de modificar a presente pol\u00edtica para adapta-la a novas legisla\u00e7\u00f5es ou jurisprudenciais que possa afetar o cumprimento da mesma.<\/p>\r\n<p>Com o objetivo de garantir o cumprimento das normas sobre a prote\u00e7\u00e3o de dados de caracter pessoal, NEO-DEPIL LASER S.L. recebeu servi\u00e7os de consultoria e assessoramento por parte da clickDatos.<\/p>\r\n","protected":false},"excerpt":{"rendered":"<p>Em cumprimento do Regulamento (UE) 2016\/679 do Parlamento Europeu e do Conselho, de 27 de abril de 2016, relativo \u00e0 prote\u00e7\u00e3o das pessoas f\u00edsicas no que respeita ao tratamento de dados pessoais, que revoga a diretiva 95\/46\/CE (a seguir designada, RGPD), da Lei 34\/2002, de 11 de julho, sobre servi\u00e7os da sociedade de informa\u00e7\u00e3o e [&hellip;]<\/p>\n","protected":false},"author":8,"featured_media":0,"parent":0,"menu_order":0,"comment_status":"closed","ping_status":"open","template":"","meta":{"footnotes":""},"class_list":["post-10574","page","type-page","status-publish","hentry"],"yoast_head":"<!-- This site is optimized with the Yoast SEO plugin v27.3 - https:\/\/yoast.com\/product\/yoast-seo-wordpress\/ -->\n<title>Pol\u00edtica de privacidade - Tahe Laser System<\/title>\n<meta name=\"robots\" content=\"noindex, nofollow\" \/>\n<meta property=\"og:locale\" content=\"pt_PT\" \/>\n<meta property=\"og:type\" content=\"article\" \/>\n<meta property=\"og:title\" content=\"Pol\u00edtica de privacidade - Tahe Laser System\" \/>\n<meta property=\"og:description\" content=\"Em cumprimento do Regulamento (UE) 2016\/679 do Parlamento Europeu e do Conselho, de 27 de abril de 2016, relativo \u00e0 prote\u00e7\u00e3o das pessoas f\u00edsicas no que respeita ao tratamento de dados pessoais, que revoga a diretiva 95\/46\/CE (a seguir designada, RGPD), da Lei 34\/2002, de 11 de julho, sobre servi\u00e7os da sociedade de informa\u00e7\u00e3o e [&hellip;]\" \/>\n<meta property=\"og:url\" content=\"https:\/\/tahelaser.com\/pt-pt\/politica-de-privacidade\/\" \/>\n<meta property=\"og:site_name\" content=\"Tahe Laser System\" \/>\n<meta property=\"article:modified_time\" content=\"2022-12-22T13:50:05+00:00\" \/>\n<meta name=\"twitter:card\" content=\"summary_large_image\" \/>\n<meta name=\"twitter:label1\" content=\"Tempo estimado de leitura\" \/>\n\t<meta name=\"twitter:data1\" content=\"6 minutos\" \/>\n<script type=\"application\/ld+json\" class=\"yoast-schema-graph\">{\"@context\":\"https:\\\/\\\/schema.org\",\"@graph\":[{\"@type\":\"WebPage\",\"@id\":\"https:\\\/\\\/tahelaser.com\\\/pt-pt\\\/politica-de-privacidade\\\/\",\"url\":\"https:\\\/\\\/tahelaser.com\\\/pt-pt\\\/politica-de-privacidade\\\/\",\"name\":\"Pol\u00edtica de privacidade - Tahe Laser System\",\"isPartOf\":{\"@id\":\"https:\\\/\\\/tahelaser.com\\\/pt-pt\\\/#website\"},\"datePublished\":\"2019-09-04T07:30:37+00:00\",\"dateModified\":\"2022-12-22T13:50:05+00:00\",\"breadcrumb\":{\"@id\":\"https:\\\/\\\/tahelaser.com\\\/pt-pt\\\/politica-de-privacidade\\\/#breadcrumb\"},\"inLanguage\":\"pt-PT\",\"potentialAction\":[{\"@type\":\"ReadAction\",\"target\":[\"https:\\\/\\\/tahelaser.com\\\/pt-pt\\\/politica-de-privacidade\\\/\"]}]},{\"@type\":\"BreadcrumbList\",\"@id\":\"https:\\\/\\\/tahelaser.com\\\/pt-pt\\\/politica-de-privacidade\\\/#breadcrumb\",\"itemListElement\":[{\"@type\":\"ListItem\",\"position\":1,\"name\":\"Home\",\"item\":\"https:\\\/\\\/tahelaser.com\\\/pt-pt\\\/\"},{\"@type\":\"ListItem\",\"position\":2,\"name\":\"Pol\u00edtica de privacidade\"}]},{\"@type\":\"WebSite\",\"@id\":\"https:\\\/\\\/tahelaser.com\\\/pt-pt\\\/#website\",\"url\":\"https:\\\/\\\/tahelaser.com\\\/pt-pt\\\/\",\"name\":\"Tahe Laser System\",\"description\":\"Alquiler de aparatolog\u00eda est\u00e9tica\",\"publisher\":{\"@id\":\"https:\\\/\\\/tahelaser.com\\\/pt-pt\\\/#organization\"},\"potentialAction\":[{\"@type\":\"SearchAction\",\"target\":{\"@type\":\"EntryPoint\",\"urlTemplate\":\"https:\\\/\\\/tahelaser.com\\\/pt-pt\\\/?s={search_term_string}\"},\"query-input\":{\"@type\":\"PropertyValueSpecification\",\"valueRequired\":true,\"valueName\":\"search_term_string\"}}],\"inLanguage\":\"pt-PT\"},{\"@type\":\"Organization\",\"@id\":\"https:\\\/\\\/tahelaser.com\\\/pt-pt\\\/#organization\",\"name\":\"Tahe Laser System\",\"url\":\"https:\\\/\\\/tahelaser.com\\\/pt-pt\\\/\",\"logo\":{\"@type\":\"ImageObject\",\"inLanguage\":\"pt-PT\",\"@id\":\"https:\\\/\\\/tahelaser.com\\\/pt-pt\\\/#\\\/schema\\\/logo\\\/image\\\/\",\"url\":\"https:\\\/\\\/tahelaser.com\\\/wp-content\\\/uploads\\\/2019\\\/09\\\/Tahe-Laser-System-Logo.jpg\",\"contentUrl\":\"https:\\\/\\\/tahelaser.com\\\/wp-content\\\/uploads\\\/2019\\\/09\\\/Tahe-Laser-System-Logo.jpg\",\"width\":1632,\"height\":896,\"caption\":\"Tahe Laser System\"},\"image\":{\"@id\":\"https:\\\/\\\/tahelaser.com\\\/pt-pt\\\/#\\\/schema\\\/logo\\\/image\\\/\"}}]}<\/script>\n<!-- \/ Yoast SEO plugin. -->","yoast_head_json":{"title":"Pol\u00edtica de privacidade - Tahe Laser System","robots":{"index":"noindex","follow":"nofollow"},"og_locale":"pt_PT","og_type":"article","og_title":"Pol\u00edtica de privacidade - Tahe Laser System","og_description":"Em cumprimento do Regulamento (UE) 2016\/679 do Parlamento Europeu e do Conselho, de 27 de abril de 2016, relativo \u00e0 prote\u00e7\u00e3o das pessoas f\u00edsicas no que respeita ao tratamento de dados pessoais, que revoga a diretiva 95\/46\/CE (a seguir designada, RGPD), da Lei 34\/2002, de 11 de julho, sobre servi\u00e7os da sociedade de informa\u00e7\u00e3o e [&hellip;]","og_url":"https:\/\/tahelaser.com\/pt-pt\/politica-de-privacidade\/","og_site_name":"Tahe Laser System","article_modified_time":"2022-12-22T13:50:05+00:00","twitter_card":"summary_large_image","twitter_misc":{"Tempo estimado de leitura":"6 minutos"},"schema":{"@context":"https:\/\/schema.org","@graph":[{"@type":"WebPage","@id":"https:\/\/tahelaser.com\/pt-pt\/politica-de-privacidade\/","url":"https:\/\/tahelaser.com\/pt-pt\/politica-de-privacidade\/","name":"Pol\u00edtica de privacidade - Tahe Laser System","isPartOf":{"@id":"https:\/\/tahelaser.com\/pt-pt\/#website"},"datePublished":"2019-09-04T07:30:37+00:00","dateModified":"2022-12-22T13:50:05+00:00","breadcrumb":{"@id":"https:\/\/tahelaser.com\/pt-pt\/politica-de-privacidade\/#breadcrumb"},"inLanguage":"pt-PT","potentialAction":[{"@type":"ReadAction","target":["https:\/\/tahelaser.com\/pt-pt\/politica-de-privacidade\/"]}]},{"@type":"BreadcrumbList","@id":"https:\/\/tahelaser.com\/pt-pt\/politica-de-privacidade\/#breadcrumb","itemListElement":[{"@type":"ListItem","position":1,"name":"Home","item":"https:\/\/tahelaser.com\/pt-pt\/"},{"@type":"ListItem","position":2,"name":"Pol\u00edtica de privacidade"}]},{"@type":"WebSite","@id":"https:\/\/tahelaser.com\/pt-pt\/#website","url":"https:\/\/tahelaser.com\/pt-pt\/","name":"Tahe Laser System","description":"Alquiler de aparatolog\u00eda est\u00e9tica","publisher":{"@id":"https:\/\/tahelaser.com\/pt-pt\/#organization"},"potentialAction":[{"@type":"SearchAction","target":{"@type":"EntryPoint","urlTemplate":"https:\/\/tahelaser.com\/pt-pt\/?s={search_term_string}"},"query-input":{"@type":"PropertyValueSpecification","valueRequired":true,"valueName":"search_term_string"}}],"inLanguage":"pt-PT"},{"@type":"Organization","@id":"https:\/\/tahelaser.com\/pt-pt\/#organization","name":"Tahe Laser System","url":"https:\/\/tahelaser.com\/pt-pt\/","logo":{"@type":"ImageObject","inLanguage":"pt-PT","@id":"https:\/\/tahelaser.com\/pt-pt\/#\/schema\/logo\/image\/","url":"https:\/\/tahelaser.com\/wp-content\/uploads\/2019\/09\/Tahe-Laser-System-Logo.jpg","contentUrl":"https:\/\/tahelaser.com\/wp-content\/uploads\/2019\/09\/Tahe-Laser-System-Logo.jpg","width":1632,"height":896,"caption":"Tahe Laser System"},"image":{"@id":"https:\/\/tahelaser.com\/pt-pt\/#\/schema\/logo\/image\/"}}]}},"_links":{"self":[{"href":"https:\/\/tahelaser.com\/pt-pt\/wp-json\/wp\/v2\/pages\/10574","targetHints":{"allow":["GET"]}}],"collection":[{"href":"https:\/\/tahelaser.com\/pt-pt\/wp-json\/wp\/v2\/pages"}],"about":[{"href":"https:\/\/tahelaser.com\/pt-pt\/wp-json\/wp\/v2\/types\/page"}],"author":[{"embeddable":true,"href":"https:\/\/tahelaser.com\/pt-pt\/wp-json\/wp\/v2\/users\/8"}],"replies":[{"embeddable":true,"href":"https:\/\/tahelaser.com\/pt-pt\/wp-json\/wp\/v2\/comments?post=10574"}],"version-history":[{"count":3,"href":"https:\/\/tahelaser.com\/pt-pt\/wp-json\/wp\/v2\/pages\/10574\/revisions"}],"predecessor-version":[{"id":10577,"href":"https:\/\/tahelaser.com\/pt-pt\/wp-json\/wp\/v2\/pages\/10574\/revisions\/10577"}],"wp:attachment":[{"href":"https:\/\/tahelaser.com\/pt-pt\/wp-json\/wp\/v2\/media?parent=10574"}],"curies":[{"name":"wp","href":"https:\/\/api.w.org\/{rel}","templated":true}]}}