{"id":10570,"date":"2019-09-30T09:37:04","date_gmt":"2019-09-30T09:37:04","guid":{"rendered":"https:\/\/tahelaser.com\/aviso-legal\/"},"modified":"2022-12-22T13:59:30","modified_gmt":"2022-12-22T12:59:30","slug":"aviso-legal","status":"publish","type":"page","link":"https:\/\/tahelaser.com\/pt-pt\/aviso-legal\/","title":{"rendered":"Aviso legal"},"content":{"rendered":"<p>No presente Aviso Legal, o Utilizador, poder\u00e1 encontrar toda a informa\u00e7\u00e3o relativa \u00e0s condi\u00e7\u00f5es legais que definem as rela\u00e7\u00f5es entre os utilizadores e o respons\u00e1vel da p\u00e1gina web acess\u00edvel no endere\u00e7o URL www.tahelaser.com (doravante, o Site), que NEODEPIL LASER S.L. coloca \u00e0 disposi\u00e7\u00e3o dos utilizadores de Internet.<\/p>\n<p>A utiliza\u00e7\u00e3o do site web implica a plena aceita\u00e7\u00e3o e sem reservas de todas e cada uma das disposi\u00e7\u00f5es inclu\u00eddas neste Aviso Legal. Em consequ\u00eancia, o utilizador do site deve ler atentamente o presente Aviso Legal em cada uma das ocasi\u00f5es em que pretenda utilizar o site, uma vez que o texto poder\u00e1 sofrer modifica\u00e7\u00f5es a crit\u00e9rio do titular do site, ou devido a uma altera\u00e7\u00e3o legislativa, jurisprudencial ou na pr\u00e1tica empresarial.<\/p>\n<p><strong>1.- DADOS DO RESPONS\u00c1VEL TITULAR DO SITE WEB<\/strong><\/p>\n<p><em>Nome do titular:<\/em> NEODEPIL LASER S.L.<br \/>\n<em>Domic\u00edlio social:<\/em> Avenida Gr\u00e9cia Parcela 5.1, Pol\u00edgono Las Salinas 30840, Alhama de M\u00farcia, M\u00farcia<br \/>\n<em>C.I.F.:<\/em> B73159501<br \/>\n<em>Telefone de contacto:<\/em> 968 891 100<br \/>\n<em>Correio eletr\u00f3nico:<\/em> <a href=\"mailto:info@tahelaser.com\">info@tahelaser.com<\/a><\/p>\n<p>NEODEPIL LASER S.L., \u00e9 o respons\u00e1vel pelo Site Web e compromete-se a cumprir com todos os requisitos nacionais e europeus que regulam a utiliza\u00e7\u00e3o dos dados pessoais dos utilizadores.<\/p>\n<p>Este Site garante a prote\u00e7\u00e3o e confidencialidade dos dados pessoais que nos fornecem de acordo com o disposto no Regulamento Geral de Prote\u00e7\u00e3o de Dados de Car\u00e1cter Pessoal (UE) 2016\/679 do Parlamento Europeu e do Conselho, de 27 de abril de 2016, na Lei Org\u00e2nica 3\/2018, de Prote\u00e7\u00e3o de Dados Pessoais e garantia dos direitos digitais, assim como na Lei de Servi\u00e7os da Sociedade da Informa\u00e7\u00e3o e Com\u00e9rcio Eletr\u00f3nico 34\/2002 de 11 de Julho (LSSI-CE).<\/p>\n<p><strong>2.- OBJETO<\/strong><\/p>\n<p>O Site Web facilita aos seus utilizadores, o acesso \u00e0 informa\u00e7\u00e3o e servi\u00e7os prestados por NEODEPIL LASER S.L. para as pessoas ou organiza\u00e7\u00f5es interessadas nos mesmos.<\/p>\n<p>O acesso e a utiliza\u00e7\u00e3o do Site atribuem a condi\u00e7\u00e3o de utilizador do Site Web (doravante, o \u201cUtilizador\u201d) e implica a aceita\u00e7\u00e3o de todas as condi\u00e7\u00f5es inclu\u00eddas neste Aviso Legal bem como das suas modifica\u00e7\u00f5es. A presta\u00e7\u00e3o do servi\u00e7o do Site tem uma dura\u00e7\u00e3o limitada no momento em que o Utilizador se encontre conectado ao Site Web ou a qualquer um dos servi\u00e7os que se prestam atrav\u00e9s do mesmo. Portanto, o Utilizador deve ler atentamente o presente Aviso Legal em cada uma das ocasi\u00f5es que pretenda utilizar o Site, uma vez que este e as suas condi\u00e7\u00f5es de utiliza\u00e7\u00e3o recolhidas no presente Aviso Legal podem sofrer modifica\u00e7\u00f5es.<\/p>\n<p><strong>3.- ACESSO E UTILIZA\u00c7\u00c3O DA WEB<\/strong><\/p>\n<p>3.1.- Car\u00e1cter gratuito de acesso e utiliza\u00e7\u00e3o da web. O acesso \u00e0 web tem car\u00e1cter gratuito para os utilizadores da mesma, exceto no que diz respeito ao custo da liga\u00e7\u00e3o atrav\u00e9s da rede de telecomunica\u00e7\u00f5es, disponibilizada pelo fornecedor de acesso contratado pelos utilizadores.<\/p>\n<p>3.2.- Registo de utilizadores. Com car\u00e1cter geral o acesso e utiliza\u00e7\u00e3o da web n\u00e3o exige a pr\u00e9via subscri\u00e7\u00e3o ou registo dos seus utilizadores.<\/p>\n<p>3.3.- Os utilizadores garantem e respondem, em qualquer caso, pela exatid\u00e3o, vig\u00eancia e autenticidade dos dados pessoais fornecidos, e comprometem-se a mant\u00ea-los devidamente atualizados. O utilizador aceita fornecer informa\u00e7\u00e3o completa e correta no formul\u00e1rio de contacto ou subscri\u00e7\u00e3o.<\/p>\n<p>No caso de menores de treze anos, \u00e9 necess\u00e1rio o consentimento dos pais ou tutores para o tratamento dos seus dados pessoais.<\/p>\n<p>Em nenhum caso ser\u00e3o recolhidos do menor de idade, dados relativos \u00e0 situa\u00e7\u00e3o profissional, econ\u00f3mica ou \u00e0 privacidade dos demais membros da fam\u00edlia, sem o consentimento destes. Se tem menos de treze anos e acedeu a este website sem avisar os seus pais, n\u00e3o deve registar-se como utilizador.<\/p>\n<p>Neste site os dados pessoais dos utilizadores s\u00e3o cuidados e respeitados. Como utilizador deve saber que os seus direitos est\u00e3o garantidos.<\/p>\n<p><strong>4.- CONTE\u00daDOS DA WEB<\/strong><\/p>\n<p>O idioma utilizado pelo titular na web ser\u00e1 o castelhano. NEODEPIL LASER S.L. n\u00e3o se responsabiliza pela n\u00e3o compreens\u00e3o ou entendimento do idioma da web por parte do utilizador, nem pelas suas consequ\u00eancias.<\/p>\n<p>NEODEPIL LASER S.L. poder\u00e1 modificar os conte\u00fados sem aviso pr\u00e9vio, bem como suprimi-los ou modifica-los dentro da web, assim como a forma a que se acede a estes, sem justifica\u00e7\u00e3o alguma e livremente, n\u00e3o se responsabilizando pelas consequ\u00eancias que os mesmos possam causar aos utilizadores.<\/p>\n<p>Pro\u00edbe-se o uso dos conte\u00fados da web para promover, contratar ou divulgar publicidade ou informa\u00e7\u00e3o pessoal ou de terceiros, sem a autoriza\u00e7\u00e3o de NEODEPIL LASER S.L., nem remeter publicidade ou informa\u00e7\u00e3o valendo-se para isso, dos servi\u00e7os ou informa\u00e7\u00e3o disponibilizados aos utilizadores, independentemente de o uso ser gratuito ou n\u00e3o.<\/p>\n<p>As liga\u00e7\u00f5es ou as hiperliga\u00e7\u00f5es que incorporem terceiros nas suas p\u00e1ginas web, direcionados a este site, ser\u00e3o para a abertura da p\u00e1gina web completa, n\u00e3o podendo manifestar, direta ou indiretamente, indica\u00e7\u00f5es falsas, inexatas ou confusas, nem incorrer em a\u00e7\u00f5es desleais ou il\u00edcitas contra NEODEPIL LASER S.L.<\/p>\n<p><strong>5.- MEDIDAS DE SEGURAN\u00c7A<\/strong><\/p>\n<p>Os dados pessoais comunicados pelo utilizador poder\u00e3o ser armazenados em bases de dados automatizadas ou n\u00e3o, cuja titularidade corresponde exclusivamente a NEODEPIL LASER S.L., assumindo todas as medidas de \u00edndole t\u00e9cnica, organizativas e de seguran\u00e7a, que garantam a confidencialidade, integridade e qualidade da informa\u00e7\u00e3o contida nas mesmas, de acordo com a estabelecida regulamenta\u00e7\u00e3o em vigor, sobre a prote\u00e7\u00e3o de dados pessoais.<\/p>\n<p><strong>6.- LIMITA\u00c7\u00c3O DE RESPONSABILIDADE<\/strong><\/p>\n<p>Tanto o acesso ao website como a utiliza\u00e7\u00e3o n\u00e3o consentida que possa efetuar-se da informa\u00e7\u00e3o contida na mesma, \u00e9 da exclusiva responsabilidade de quem o realiza. NEODEPIL LASER S.L. n\u00e3o responder\u00e1 por nenhuma consequ\u00eancia, dano ou preju\u00edzo que possam derivar do dito acesso ou utiliza\u00e7\u00e3o. NEODEPIL LASER S.L. n\u00e3o se responsabiliza por erros de seguran\u00e7a, que possam ocorrer ou por danos que possam ser causados ao sistema inform\u00e1tico do utilizador (hardware e software), ou a ficheiros ou documentos armazenados no mesmo, como consequ\u00eancia de:<\/p>\n<p>\u2013 a presen\u00e7a de v\u00edrus no computador do utilizador que seja utilizado para a liga\u00e7\u00e3o aos servi\u00e7os e conte\u00fados da web.<\/p>\n<p>\u2013 um mau funcionamento do navegador.<\/p>\n<p>\u2013 e\/ou do uso de vers\u00f5es n\u00e3o atualizadas do mesmo.<\/p>\n<p>NEODEPIL LASER S.L. n\u00e3o se responsabiliza pela fiabilidade e velocidade das hiperliga\u00e7\u00f5es que se incorporem na web para a abertura de outras. NEODEPIL LASER S.L. n\u00e3o garante a utilidade destas liga\u00e7\u00f5es, nem se responsabiliza pelos conte\u00fados ou servi\u00e7os a que o utilizador possa aceder atrav\u00e9s destas liga\u00e7\u00f5es, nem pelo bom funcionamento destes websites.<\/p>\n<p>NEODEPIL LASER S.L. n\u00e3o ser\u00e1 respons\u00e1vel por v\u00edrus ou outros programas inform\u00e1ticos que deteriorem ou possam deteriorar os sistemas ou equipamentos inform\u00e1ticos dos utilizadores, ao aceder ao seu site ou a outros sites que tenham sido acedidos, atrav\u00e9s de liga\u00e7\u00f5es deste site.<\/p>\n<p><strong>7.- USO DA TECNOLOGIA \u201cCOOKIES\u201d<\/strong><\/p>\n<p>O website pode usar cookies ou tecnologias semelhantes que se reger\u00e3o pelo estabelecido na Pol\u00edtica de Cookies, acess\u00edvel em todo o momento e respeitando a confidencialidade e intimidade do utilizador, sendo parte integrante do presente Aviso Legal.<\/p>\n<p><strong>8.- NAVEGA\u00c7\u00c3O<\/strong><\/p>\n<p>Os servidores de Internet podem recolher dados n\u00e3o identific\u00e1veis, que podem incluir, endere\u00e7os IP, e outros dados que n\u00e3o podem ser utilizados para identificar o utilizador. O seu endere\u00e7o IP ser\u00e1 armazenado nos logs de acesso automaticamente e com a \u00fanica finalidade de permitir o tr\u00e2nsito por Internet, sendo necess\u00e1rio que o seu equipamento facilite este endere\u00e7o IP quando navegar por Internet para que as comunica\u00e7\u00f5es se possam realizar. Da mesma forma, o endere\u00e7o IP poder\u00e1 ser utilizado para realizar estat\u00edsticas, de forma an\u00f4nima, sobre o n\u00famero de visitantes deste site e sua proced\u00eancia, de forma totalmente transparente \u00e0 sua navega\u00e7\u00e3o.<\/p>\n<p><strong>9.- PROPRIEDADE INTELECTUAL E INDUSTRIAL<\/strong><\/p>\n<p>O utilizador conhece e aceita que todos os conte\u00fados e\/ou quaisquer outros elementos da website s\u00e3o propriedade da NEODEPIL LASER S.L., e compromete-se a respeitar os direitos de propriedade intelectual e industrial, titularidade de NEODEPIL LASER S.L. e\/ou de terceiros. Qualquer uso da web ou seus conte\u00fados dever\u00e1 ter um car\u00e1cter exclusivamente particular.<\/p>\n<p>Est\u00e1 reservado exclusivamente \u00e0 NEODEPIL LASER S.L., qualquer outro uso que suponha a c\u00f3pia, reprodu\u00e7\u00e3o, distribui\u00e7\u00e3o, transforma\u00e7\u00e3o, comunica\u00e7\u00e3o p\u00fablica ou qualquer outra a\u00e7\u00e3o similar, de todo ou parte dos conte\u00fados da web, pelo que nenhum utilizador poder\u00e1 levar a cabo estas a\u00e7\u00f5es, sem autoriza\u00e7\u00e3o pr\u00e9via e por escrito de NEODEPIL LASER S.L.<\/p>\n<p><strong>10.- LEGISLA\u00c7\u00c3O APLIC\u00c1VEL E JURISDI\u00c7\u00c3O COMPETENTE<\/strong><\/p>\n<p>O presente Aviso Legal ser\u00e1 interpretado e regido em conformidade com a legisla\u00e7\u00e3o espanhola. NEODEPIL LASER S.L. e os utilizadores, com renuncia expressa a qualquer outro foro que lhe corresponda, submetem-se aos tribunais do domic\u00edlio do utilizador, para qualquer controv\u00e9rsia que possa surgir do acesso \u00e0 utiliza\u00e7\u00e3o da website. Caso o \u00a0utilizador tenha o seu domicilio fora de Espanha, NEODEPIL LASER S.L. e o utilizador, submetem-se, com renuncia expressa a qualquer outro foro e tribunais da cidade de M\u00farcia.<\/p>\n","protected":false},"excerpt":{"rendered":"<p>No presente Aviso Legal, o Utilizador, poder\u00e1 encontrar toda a informa\u00e7\u00e3o relativa \u00e0s condi\u00e7\u00f5es legais que definem as rela\u00e7\u00f5es entre os utilizadores e o respons\u00e1vel da p\u00e1gina web acess\u00edvel no endere\u00e7o URL www.tahelaser.com (doravante, o Site), que NEODEPIL LASER S.L. coloca \u00e0 disposi\u00e7\u00e3o dos utilizadores de Internet. A utiliza\u00e7\u00e3o do site web implica a plena [&hellip;]<\/p>\n","protected":false},"author":8,"featured_media":0,"parent":0,"menu_order":0,"comment_status":"closed","ping_status":"closed","template":"","meta":{"footnotes":""},"class_list":["post-10570","page","type-page","status-publish","hentry"],"yoast_head":"<!-- This site is optimized with the Yoast SEO plugin v27.3 - https:\/\/yoast.com\/product\/yoast-seo-wordpress\/ -->\n<title>Aviso legal - Tahe Laser System<\/title>\n<meta name=\"robots\" content=\"noindex, nofollow\" \/>\n<meta property=\"og:locale\" content=\"pt_PT\" \/>\n<meta property=\"og:type\" content=\"article\" \/>\n<meta property=\"og:title\" content=\"Aviso legal - Tahe Laser System\" \/>\n<meta property=\"og:description\" content=\"No presente Aviso Legal, o Utilizador, poder\u00e1 encontrar toda a informa\u00e7\u00e3o relativa \u00e0s condi\u00e7\u00f5es legais que definem as rela\u00e7\u00f5es entre os utilizadores e o respons\u00e1vel da p\u00e1gina web acess\u00edvel no endere\u00e7o URL www.tahelaser.com (doravante, o Site), que NEODEPIL LASER S.L. coloca \u00e0 disposi\u00e7\u00e3o dos utilizadores de Internet. A utiliza\u00e7\u00e3o do site web implica a plena [&hellip;]\" \/>\n<meta property=\"og:url\" content=\"https:\/\/tahelaser.com\/pt-pt\/aviso-legal\/\" \/>\n<meta property=\"og:site_name\" content=\"Tahe Laser System\" \/>\n<meta property=\"article:modified_time\" content=\"2022-12-22T12:59:30+00:00\" \/>\n<meta name=\"twitter:card\" content=\"summary_large_image\" \/>\n<meta name=\"twitter:label1\" content=\"Tempo estimado de leitura\" \/>\n\t<meta name=\"twitter:data1\" content=\"7 minutos\" \/>\n<script type=\"application\/ld+json\" class=\"yoast-schema-graph\">{\"@context\":\"https:\\\/\\\/schema.org\",\"@graph\":[{\"@type\":\"WebPage\",\"@id\":\"https:\\\/\\\/tahelaser.com\\\/pt-pt\\\/aviso-legal\\\/\",\"url\":\"https:\\\/\\\/tahelaser.com\\\/pt-pt\\\/aviso-legal\\\/\",\"name\":\"Aviso legal - Tahe Laser System\",\"isPartOf\":{\"@id\":\"https:\\\/\\\/tahelaser.com\\\/pt-pt\\\/#website\"},\"datePublished\":\"2019-09-30T09:37:04+00:00\",\"dateModified\":\"2022-12-22T12:59:30+00:00\",\"breadcrumb\":{\"@id\":\"https:\\\/\\\/tahelaser.com\\\/pt-pt\\\/aviso-legal\\\/#breadcrumb\"},\"inLanguage\":\"pt-PT\",\"potentialAction\":[{\"@type\":\"ReadAction\",\"target\":[\"https:\\\/\\\/tahelaser.com\\\/pt-pt\\\/aviso-legal\\\/\"]}]},{\"@type\":\"BreadcrumbList\",\"@id\":\"https:\\\/\\\/tahelaser.com\\\/pt-pt\\\/aviso-legal\\\/#breadcrumb\",\"itemListElement\":[{\"@type\":\"ListItem\",\"position\":1,\"name\":\"Home\",\"item\":\"https:\\\/\\\/tahelaser.com\\\/pt-pt\\\/\"},{\"@type\":\"ListItem\",\"position\":2,\"name\":\"Aviso legal\"}]},{\"@type\":\"WebSite\",\"@id\":\"https:\\\/\\\/tahelaser.com\\\/pt-pt\\\/#website\",\"url\":\"https:\\\/\\\/tahelaser.com\\\/pt-pt\\\/\",\"name\":\"Tahe Laser System\",\"description\":\"Alquiler de aparatolog\u00eda est\u00e9tica\",\"publisher\":{\"@id\":\"https:\\\/\\\/tahelaser.com\\\/pt-pt\\\/#organization\"},\"potentialAction\":[{\"@type\":\"SearchAction\",\"target\":{\"@type\":\"EntryPoint\",\"urlTemplate\":\"https:\\\/\\\/tahelaser.com\\\/pt-pt\\\/?s={search_term_string}\"},\"query-input\":{\"@type\":\"PropertyValueSpecification\",\"valueRequired\":true,\"valueName\":\"search_term_string\"}}],\"inLanguage\":\"pt-PT\"},{\"@type\":\"Organization\",\"@id\":\"https:\\\/\\\/tahelaser.com\\\/pt-pt\\\/#organization\",\"name\":\"Tahe Laser System\",\"url\":\"https:\\\/\\\/tahelaser.com\\\/pt-pt\\\/\",\"logo\":{\"@type\":\"ImageObject\",\"inLanguage\":\"pt-PT\",\"@id\":\"https:\\\/\\\/tahelaser.com\\\/pt-pt\\\/#\\\/schema\\\/logo\\\/image\\\/\",\"url\":\"https:\\\/\\\/tahelaser.com\\\/wp-content\\\/uploads\\\/2019\\\/09\\\/Tahe-Laser-System-Logo.jpg\",\"contentUrl\":\"https:\\\/\\\/tahelaser.com\\\/wp-content\\\/uploads\\\/2019\\\/09\\\/Tahe-Laser-System-Logo.jpg\",\"width\":1632,\"height\":896,\"caption\":\"Tahe Laser System\"},\"image\":{\"@id\":\"https:\\\/\\\/tahelaser.com\\\/pt-pt\\\/#\\\/schema\\\/logo\\\/image\\\/\"}}]}<\/script>\n<!-- \/ Yoast SEO plugin. -->","yoast_head_json":{"title":"Aviso legal - Tahe Laser System","robots":{"index":"noindex","follow":"nofollow"},"og_locale":"pt_PT","og_type":"article","og_title":"Aviso legal - Tahe Laser System","og_description":"No presente Aviso Legal, o Utilizador, poder\u00e1 encontrar toda a informa\u00e7\u00e3o relativa \u00e0s condi\u00e7\u00f5es legais que definem as rela\u00e7\u00f5es entre os utilizadores e o respons\u00e1vel da p\u00e1gina web acess\u00edvel no endere\u00e7o URL www.tahelaser.com (doravante, o Site), que NEODEPIL LASER S.L. coloca \u00e0 disposi\u00e7\u00e3o dos utilizadores de Internet. A utiliza\u00e7\u00e3o do site web implica a plena [&hellip;]","og_url":"https:\/\/tahelaser.com\/pt-pt\/aviso-legal\/","og_site_name":"Tahe Laser System","article_modified_time":"2022-12-22T12:59:30+00:00","twitter_card":"summary_large_image","twitter_misc":{"Tempo estimado de leitura":"7 minutos"},"schema":{"@context":"https:\/\/schema.org","@graph":[{"@type":"WebPage","@id":"https:\/\/tahelaser.com\/pt-pt\/aviso-legal\/","url":"https:\/\/tahelaser.com\/pt-pt\/aviso-legal\/","name":"Aviso legal - Tahe Laser System","isPartOf":{"@id":"https:\/\/tahelaser.com\/pt-pt\/#website"},"datePublished":"2019-09-30T09:37:04+00:00","dateModified":"2022-12-22T12:59:30+00:00","breadcrumb":{"@id":"https:\/\/tahelaser.com\/pt-pt\/aviso-legal\/#breadcrumb"},"inLanguage":"pt-PT","potentialAction":[{"@type":"ReadAction","target":["https:\/\/tahelaser.com\/pt-pt\/aviso-legal\/"]}]},{"@type":"BreadcrumbList","@id":"https:\/\/tahelaser.com\/pt-pt\/aviso-legal\/#breadcrumb","itemListElement":[{"@type":"ListItem","position":1,"name":"Home","item":"https:\/\/tahelaser.com\/pt-pt\/"},{"@type":"ListItem","position":2,"name":"Aviso legal"}]},{"@type":"WebSite","@id":"https:\/\/tahelaser.com\/pt-pt\/#website","url":"https:\/\/tahelaser.com\/pt-pt\/","name":"Tahe Laser System","description":"Alquiler de aparatolog\u00eda est\u00e9tica","publisher":{"@id":"https:\/\/tahelaser.com\/pt-pt\/#organization"},"potentialAction":[{"@type":"SearchAction","target":{"@type":"EntryPoint","urlTemplate":"https:\/\/tahelaser.com\/pt-pt\/?s={search_term_string}"},"query-input":{"@type":"PropertyValueSpecification","valueRequired":true,"valueName":"search_term_string"}}],"inLanguage":"pt-PT"},{"@type":"Organization","@id":"https:\/\/tahelaser.com\/pt-pt\/#organization","name":"Tahe Laser System","url":"https:\/\/tahelaser.com\/pt-pt\/","logo":{"@type":"ImageObject","inLanguage":"pt-PT","@id":"https:\/\/tahelaser.com\/pt-pt\/#\/schema\/logo\/image\/","url":"https:\/\/tahelaser.com\/wp-content\/uploads\/2019\/09\/Tahe-Laser-System-Logo.jpg","contentUrl":"https:\/\/tahelaser.com\/wp-content\/uploads\/2019\/09\/Tahe-Laser-System-Logo.jpg","width":1632,"height":896,"caption":"Tahe Laser System"},"image":{"@id":"https:\/\/tahelaser.com\/pt-pt\/#\/schema\/logo\/image\/"}}]}},"_links":{"self":[{"href":"https:\/\/tahelaser.com\/pt-pt\/wp-json\/wp\/v2\/pages\/10570","targetHints":{"allow":["GET"]}}],"collection":[{"href":"https:\/\/tahelaser.com\/pt-pt\/wp-json\/wp\/v2\/pages"}],"about":[{"href":"https:\/\/tahelaser.com\/pt-pt\/wp-json\/wp\/v2\/types\/page"}],"author":[{"embeddable":true,"href":"https:\/\/tahelaser.com\/pt-pt\/wp-json\/wp\/v2\/users\/8"}],"replies":[{"embeddable":true,"href":"https:\/\/tahelaser.com\/pt-pt\/wp-json\/wp\/v2\/comments?post=10570"}],"version-history":[{"count":3,"href":"https:\/\/tahelaser.com\/pt-pt\/wp-json\/wp\/v2\/pages\/10570\/revisions"}],"predecessor-version":[{"id":10573,"href":"https:\/\/tahelaser.com\/pt-pt\/wp-json\/wp\/v2\/pages\/10570\/revisions\/10573"}],"wp:attachment":[{"href":"https:\/\/tahelaser.com\/pt-pt\/wp-json\/wp\/v2\/media?parent=10570"}],"curies":[{"name":"wp","href":"https:\/\/api.w.org\/{rel}","templated":true}]}}