{"id":10441,"date":"2022-09-06T16:04:01","date_gmt":"2022-09-06T14:04:01","guid":{"rendered":"https:\/\/tahelaser.com\/equipamentos-tahe-laser-system\/rf-dual-pro\/"},"modified":"2025-07-09T12:09:46","modified_gmt":"2025-07-09T10:09:46","slug":"rf-dual-pro","status":"publish","type":"page","link":"https:\/\/tahelaser.com\/pt-pt\/equipamentos-tahe-laser-system\/rf-dual-pro\/","title":{"rendered":"RF Dual Pro"},"content":{"rendered":"","protected":false},"excerpt":{"rendered":"","protected":false},"author":2,"featured_media":0,"parent":10435,"menu_order":0,"comment_status":"closed","ping_status":"closed","template":"","meta":{"footnotes":""},"class_list":["post-10441","page","type-page","status-publish","hentry"],"yoast_head":"<!-- This site is optimized with the Yoast SEO plugin v27.3 - https:\/\/yoast.com\/product\/yoast-seo-wordpress\/ -->\n<title>Radiofrequ\u00eancia RF Dual Pro | Aluguel de Equipamentos para Est\u00e9tica<\/title>\n<meta name=\"description\" content=\"Conhe\u00e7a o equipamento de Radiofrequ\u00eancia Tahe Laser System RF Dual Pro, fabricado na Espanha com a melhor tecnologia. Descobrir!\" \/>\n<meta name=\"robots\" content=\"index, follow, max-snippet:-1, max-image-preview:large, max-video-preview:-1\" \/>\n<link rel=\"canonical\" href=\"https:\/\/tahelaser.com\/pt-pt\/equipamentos-tahe-laser-system\/rf-dual-pro\/\" \/>\n<meta property=\"og:locale\" content=\"pt_PT\" \/>\n<meta property=\"og:type\" content=\"article\" \/>\n<meta property=\"og:title\" content=\"Radiofrequ\u00eancia RF Dual Pro | Aluguel de Equipamentos para Est\u00e9tica\" \/>\n<meta property=\"og:description\" content=\"Conhe\u00e7a o equipamento de Radiofrequ\u00eancia Tahe Laser System RF Dual Pro, fabricado na Espanha com a melhor tecnologia. Descobrir!\" \/>\n<meta property=\"og:url\" content=\"https:\/\/tahelaser.com\/pt-pt\/equipamentos-tahe-laser-system\/rf-dual-pro\/\" \/>\n<meta property=\"og:site_name\" content=\"Tahe Laser System\" \/>\n<meta property=\"article:modified_time\" content=\"2025-07-09T10:09:46+00:00\" \/>\n<meta name=\"twitter:card\" content=\"summary_large_image\" \/>\n<meta name=\"twitter:label1\" content=\"Tempo estimado de leitura\" \/>\n\t<meta name=\"twitter:data1\" content=\"3 minutos\" \/>\n<script type=\"application\/ld+json\" class=\"yoast-schema-graph\">{\"@context\":\"https:\\\/\\\/schema.org\",\"@graph\":[{\"@type\":\"WebPage\",\"@id\":\"https:\\\/\\\/tahelaser.com\\\/pt-pt\\\/equipamentos-tahe-laser-system\\\/rf-dual-pro\\\/\",\"url\":\"https:\\\/\\\/tahelaser.com\\\/pt-pt\\\/equipamentos-tahe-laser-system\\\/rf-dual-pro\\\/\",\"name\":\"Radiofrequ\u00eancia RF Dual Pro | Aluguel de Equipamentos para Est\u00e9tica\",\"isPartOf\":{\"@id\":\"https:\\\/\\\/tahelaser.com\\\/pt-pt\\\/#website\"},\"datePublished\":\"2022-09-06T14:04:01+00:00\",\"dateModified\":\"2025-07-09T10:09:46+00:00\",\"description\":\"Conhe\u00e7a o equipamento de Radiofrequ\u00eancia Tahe Laser System RF Dual Pro, fabricado na Espanha com a melhor tecnologia. Descobrir!\",\"breadcrumb\":{\"@id\":\"https:\\\/\\\/tahelaser.com\\\/pt-pt\\\/equipamentos-tahe-laser-system\\\/rf-dual-pro\\\/#breadcrumb\"},\"inLanguage\":\"pt-PT\",\"potentialAction\":[{\"@type\":\"ReadAction\",\"target\":[\"https:\\\/\\\/tahelaser.com\\\/pt-pt\\\/equipamentos-tahe-laser-system\\\/rf-dual-pro\\\/\"]}]},{\"@type\":\"BreadcrumbList\",\"@id\":\"https:\\\/\\\/tahelaser.com\\\/pt-pt\\\/equipamentos-tahe-laser-system\\\/rf-dual-pro\\\/#breadcrumb\",\"itemListElement\":[{\"@type\":\"ListItem\",\"position\":1,\"name\":\"Home\",\"item\":\"https:\\\/\\\/tahelaser.com\\\/pt-pt\\\/\"},{\"@type\":\"ListItem\",\"position\":2,\"name\":\"Equipamentos\",\"item\":\"https:\\\/\\\/tahelaser.com\\\/pt-pt\\\/equipamentos-tahe-laser-system\\\/\"},{\"@type\":\"ListItem\",\"position\":3,\"name\":\"RF Dual Pro\"}]},{\"@type\":\"WebSite\",\"@id\":\"https:\\\/\\\/tahelaser.com\\\/pt-pt\\\/#website\",\"url\":\"https:\\\/\\\/tahelaser.com\\\/pt-pt\\\/\",\"name\":\"Tahe Laser System\",\"description\":\"Alquiler de aparatolog\u00eda est\u00e9tica\",\"publisher\":{\"@id\":\"https:\\\/\\\/tahelaser.com\\\/pt-pt\\\/#organization\"},\"potentialAction\":[{\"@type\":\"SearchAction\",\"target\":{\"@type\":\"EntryPoint\",\"urlTemplate\":\"https:\\\/\\\/tahelaser.com\\\/pt-pt\\\/?s={search_term_string}\"},\"query-input\":{\"@type\":\"PropertyValueSpecification\",\"valueRequired\":true,\"valueName\":\"search_term_string\"}}],\"inLanguage\":\"pt-PT\"},{\"@type\":\"Organization\",\"@id\":\"https:\\\/\\\/tahelaser.com\\\/pt-pt\\\/#organization\",\"name\":\"Tahe Laser System\",\"url\":\"https:\\\/\\\/tahelaser.com\\\/pt-pt\\\/\",\"logo\":{\"@type\":\"ImageObject\",\"inLanguage\":\"pt-PT\",\"@id\":\"https:\\\/\\\/tahelaser.com\\\/pt-pt\\\/#\\\/schema\\\/logo\\\/image\\\/\",\"url\":\"https:\\\/\\\/tahelaser.com\\\/wp-content\\\/uploads\\\/2019\\\/09\\\/Tahe-Laser-System-Logo.jpg\",\"contentUrl\":\"https:\\\/\\\/tahelaser.com\\\/wp-content\\\/uploads\\\/2019\\\/09\\\/Tahe-Laser-System-Logo.jpg\",\"width\":1632,\"height\":896,\"caption\":\"Tahe Laser System\"},\"image\":{\"@id\":\"https:\\\/\\\/tahelaser.com\\\/pt-pt\\\/#\\\/schema\\\/logo\\\/image\\\/\"}}]}<\/script>\n<!-- \/ Yoast SEO plugin. -->","yoast_head_json":{"title":"Radiofrequ\u00eancia RF Dual Pro | Aluguel de Equipamentos para Est\u00e9tica","description":"Conhe\u00e7a o equipamento de Radiofrequ\u00eancia Tahe Laser System RF Dual Pro, fabricado na Espanha com a melhor tecnologia. Descobrir!","robots":{"index":"index","follow":"follow","max-snippet":"max-snippet:-1","max-image-preview":"max-image-preview:large","max-video-preview":"max-video-preview:-1"},"canonical":"https:\/\/tahelaser.com\/pt-pt\/equipamentos-tahe-laser-system\/rf-dual-pro\/","og_locale":"pt_PT","og_type":"article","og_title":"Radiofrequ\u00eancia RF Dual Pro | Aluguel de Equipamentos para Est\u00e9tica","og_description":"Conhe\u00e7a o equipamento de Radiofrequ\u00eancia Tahe Laser System RF Dual Pro, fabricado na Espanha com a melhor tecnologia. Descobrir!","og_url":"https:\/\/tahelaser.com\/pt-pt\/equipamentos-tahe-laser-system\/rf-dual-pro\/","og_site_name":"Tahe Laser System","article_modified_time":"2025-07-09T10:09:46+00:00","twitter_card":"summary_large_image","twitter_misc":{"Tempo estimado de leitura":"3 minutos"},"schema":{"@context":"https:\/\/schema.org","@graph":[{"@type":"WebPage","@id":"https:\/\/tahelaser.com\/pt-pt\/equipamentos-tahe-laser-system\/rf-dual-pro\/","url":"https:\/\/tahelaser.com\/pt-pt\/equipamentos-tahe-laser-system\/rf-dual-pro\/","name":"Radiofrequ\u00eancia RF Dual Pro | Aluguel de Equipamentos para Est\u00e9tica","isPartOf":{"@id":"https:\/\/tahelaser.com\/pt-pt\/#website"},"datePublished":"2022-09-06T14:04:01+00:00","dateModified":"2025-07-09T10:09:46+00:00","description":"Conhe\u00e7a o equipamento de Radiofrequ\u00eancia Tahe Laser System RF Dual Pro, fabricado na Espanha com a melhor tecnologia. Descobrir!","breadcrumb":{"@id":"https:\/\/tahelaser.com\/pt-pt\/equipamentos-tahe-laser-system\/rf-dual-pro\/#breadcrumb"},"inLanguage":"pt-PT","potentialAction":[{"@type":"ReadAction","target":["https:\/\/tahelaser.com\/pt-pt\/equipamentos-tahe-laser-system\/rf-dual-pro\/"]}]},{"@type":"BreadcrumbList","@id":"https:\/\/tahelaser.com\/pt-pt\/equipamentos-tahe-laser-system\/rf-dual-pro\/#breadcrumb","itemListElement":[{"@type":"ListItem","position":1,"name":"Home","item":"https:\/\/tahelaser.com\/pt-pt\/"},{"@type":"ListItem","position":2,"name":"Equipamentos","item":"https:\/\/tahelaser.com\/pt-pt\/equipamentos-tahe-laser-system\/"},{"@type":"ListItem","position":3,"name":"RF Dual Pro"}]},{"@type":"WebSite","@id":"https:\/\/tahelaser.com\/pt-pt\/#website","url":"https:\/\/tahelaser.com\/pt-pt\/","name":"Tahe Laser System","description":"Alquiler de aparatolog\u00eda est\u00e9tica","publisher":{"@id":"https:\/\/tahelaser.com\/pt-pt\/#organization"},"potentialAction":[{"@type":"SearchAction","target":{"@type":"EntryPoint","urlTemplate":"https:\/\/tahelaser.com\/pt-pt\/?s={search_term_string}"},"query-input":{"@type":"PropertyValueSpecification","valueRequired":true,"valueName":"search_term_string"}}],"inLanguage":"pt-PT"},{"@type":"Organization","@id":"https:\/\/tahelaser.com\/pt-pt\/#organization","name":"Tahe Laser System","url":"https:\/\/tahelaser.com\/pt-pt\/","logo":{"@type":"ImageObject","inLanguage":"pt-PT","@id":"https:\/\/tahelaser.com\/pt-pt\/#\/schema\/logo\/image\/","url":"https:\/\/tahelaser.com\/wp-content\/uploads\/2019\/09\/Tahe-Laser-System-Logo.jpg","contentUrl":"https:\/\/tahelaser.com\/wp-content\/uploads\/2019\/09\/Tahe-Laser-System-Logo.jpg","width":1632,"height":896,"caption":"Tahe Laser System"},"image":{"@id":"https:\/\/tahelaser.com\/pt-pt\/#\/schema\/logo\/image\/"}}]}},"_links":{"self":[{"href":"https:\/\/tahelaser.com\/pt-pt\/wp-json\/wp\/v2\/pages\/10441","targetHints":{"allow":["GET"]}}],"collection":[{"href":"https:\/\/tahelaser.com\/pt-pt\/wp-json\/wp\/v2\/pages"}],"about":[{"href":"https:\/\/tahelaser.com\/pt-pt\/wp-json\/wp\/v2\/types\/page"}],"author":[{"embeddable":true,"href":"https:\/\/tahelaser.com\/pt-pt\/wp-json\/wp\/v2\/users\/2"}],"replies":[{"embeddable":true,"href":"https:\/\/tahelaser.com\/pt-pt\/wp-json\/wp\/v2\/comments?post=10441"}],"version-history":[{"count":5,"href":"https:\/\/tahelaser.com\/pt-pt\/wp-json\/wp\/v2\/pages\/10441\/revisions"}],"predecessor-version":[{"id":12187,"href":"https:\/\/tahelaser.com\/pt-pt\/wp-json\/wp\/v2\/pages\/10441\/revisions\/12187"}],"up":[{"embeddable":true,"href":"https:\/\/tahelaser.com\/pt-pt\/wp-json\/wp\/v2\/pages\/10435"}],"wp:attachment":[{"href":"https:\/\/tahelaser.com\/pt-pt\/wp-json\/wp\/v2\/media?parent=10441"}],"curies":[{"name":"wp","href":"https:\/\/api.w.org\/{rel}","templated":true}]}}