{"id":10769,"date":"2019-10-07T14:30:12","date_gmt":"2019-10-07T14:30:12","guid":{"rendered":"https:\/\/tahelaser.com\/productos-tahe-laser-system\/"},"modified":"2023-09-14T10:38:03","modified_gmt":"2023-09-14T08:38:03","slug":"products-tahe-laser-system","status":"publish","type":"page","link":"https:\/\/tahelaser.com\/en\/products-tahe-laser-system\/","title":{"rendered":"Products"},"content":{"rendered":"","protected":false},"excerpt":{"rendered":"","protected":false},"author":8,"featured_media":0,"parent":0,"menu_order":0,"comment_status":"closed","ping_status":"closed","template":"","meta":{"footnotes":""},"class_list":["post-10769","page","type-page","status-publish","hentry"],"yoast_head":"<!-- This site is optimized with the Yoast SEO plugin v27.3 - https:\/\/yoast.com\/product\/yoast-seo-wordpress\/ -->\n<title>Productos Profesionales de Est\u00e9tica | Tahe Laser System<\/title>\n<meta name=\"description\" content=\"Descubre la l\u00ednea de productos profesionales de est\u00e9tica que potencian y complementan los tratamientos de l\u00e1ser y radiofrecuencia \u00a1Visita Tahe Laser System!\" \/>\n<meta name=\"robots\" content=\"index, follow, max-snippet:-1, max-image-preview:large, max-video-preview:-1\" \/>\n<link rel=\"canonical\" href=\"https:\/\/tahelaser.com\/en\/products-tahe-laser-system\/\" \/>\n<meta property=\"og:locale\" content=\"en_US\" \/>\n<meta property=\"og:type\" content=\"article\" \/>\n<meta property=\"og:title\" content=\"Productos Profesionales de Est\u00e9tica | Tahe Laser System\" \/>\n<meta property=\"og:description\" content=\"Descubre la l\u00ednea de productos profesionales de est\u00e9tica que potencian y complementan los tratamientos de l\u00e1ser y radiofrecuencia \u00a1Visita Tahe Laser System!\" \/>\n<meta property=\"og:url\" content=\"https:\/\/tahelaser.com\/en\/products-tahe-laser-system\/\" \/>\n<meta property=\"og:site_name\" content=\"Tahe Laser System\" \/>\n<meta property=\"article:modified_time\" content=\"2023-09-14T08:38:03+00:00\" \/>\n<meta name=\"twitter:card\" content=\"summary_large_image\" \/>\n<script type=\"application\/ld+json\" class=\"yoast-schema-graph\">{\"@context\":\"https:\\\/\\\/schema.org\",\"@graph\":[{\"@type\":\"WebPage\",\"@id\":\"https:\\\/\\\/tahelaser.com\\\/en\\\/products-tahe-laser-system\\\/\",\"url\":\"https:\\\/\\\/tahelaser.com\\\/en\\\/products-tahe-laser-system\\\/\",\"name\":\"Productos Profesionales de Est\u00e9tica | Tahe Laser System\",\"isPartOf\":{\"@id\":\"https:\\\/\\\/tahelaser.com\\\/en\\\/#website\"},\"datePublished\":\"2019-10-07T14:30:12+00:00\",\"dateModified\":\"2023-09-14T08:38:03+00:00\",\"description\":\"Descubre la l\u00ednea de productos profesionales de est\u00e9tica que potencian y complementan los tratamientos de l\u00e1ser y radiofrecuencia \u00a1Visita Tahe Laser System!\",\"breadcrumb\":{\"@id\":\"https:\\\/\\\/tahelaser.com\\\/en\\\/products-tahe-laser-system\\\/#breadcrumb\"},\"inLanguage\":\"en-US\",\"potentialAction\":[{\"@type\":\"ReadAction\",\"target\":[\"https:\\\/\\\/tahelaser.com\\\/en\\\/products-tahe-laser-system\\\/\"]}]},{\"@type\":\"BreadcrumbList\",\"@id\":\"https:\\\/\\\/tahelaser.com\\\/en\\\/products-tahe-laser-system\\\/#breadcrumb\",\"itemListElement\":[{\"@type\":\"ListItem\",\"position\":1,\"name\":\"Home\",\"item\":\"https:\\\/\\\/tahelaser.com\\\/en\\\/\"},{\"@type\":\"ListItem\",\"position\":2,\"name\":\"Products\"}]},{\"@type\":\"WebSite\",\"@id\":\"https:\\\/\\\/tahelaser.com\\\/en\\\/#website\",\"url\":\"https:\\\/\\\/tahelaser.com\\\/en\\\/\",\"name\":\"Tahe Laser System\",\"description\":\"Alquiler de aparatolog\u00eda est\u00e9tica\",\"publisher\":{\"@id\":\"https:\\\/\\\/tahelaser.com\\\/en\\\/#organization\"},\"potentialAction\":[{\"@type\":\"SearchAction\",\"target\":{\"@type\":\"EntryPoint\",\"urlTemplate\":\"https:\\\/\\\/tahelaser.com\\\/en\\\/?s={search_term_string}\"},\"query-input\":{\"@type\":\"PropertyValueSpecification\",\"valueRequired\":true,\"valueName\":\"search_term_string\"}}],\"inLanguage\":\"en-US\"},{\"@type\":\"Organization\",\"@id\":\"https:\\\/\\\/tahelaser.com\\\/en\\\/#organization\",\"name\":\"Tahe Laser System\",\"url\":\"https:\\\/\\\/tahelaser.com\\\/en\\\/\",\"logo\":{\"@type\":\"ImageObject\",\"inLanguage\":\"en-US\",\"@id\":\"https:\\\/\\\/tahelaser.com\\\/en\\\/#\\\/schema\\\/logo\\\/image\\\/\",\"url\":\"https:\\\/\\\/tahelaser.com\\\/wp-content\\\/uploads\\\/2019\\\/09\\\/Tahe-Laser-System-Logo.jpg\",\"contentUrl\":\"https:\\\/\\\/tahelaser.com\\\/wp-content\\\/uploads\\\/2019\\\/09\\\/Tahe-Laser-System-Logo.jpg\",\"width\":1632,\"height\":896,\"caption\":\"Tahe Laser System\"},\"image\":{\"@id\":\"https:\\\/\\\/tahelaser.com\\\/en\\\/#\\\/schema\\\/logo\\\/image\\\/\"}}]}<\/script>\n<!-- \/ Yoast SEO plugin. -->","yoast_head_json":{"title":"Productos Profesionales de Est\u00e9tica | Tahe Laser System","description":"Descubre la l\u00ednea de productos profesionales de est\u00e9tica que potencian y complementan los tratamientos de l\u00e1ser y radiofrecuencia \u00a1Visita Tahe Laser System!","robots":{"index":"index","follow":"follow","max-snippet":"max-snippet:-1","max-image-preview":"max-image-preview:large","max-video-preview":"max-video-preview:-1"},"canonical":"https:\/\/tahelaser.com\/en\/products-tahe-laser-system\/","og_locale":"en_US","og_type":"article","og_title":"Productos Profesionales de Est\u00e9tica | Tahe Laser System","og_description":"Descubre la l\u00ednea de productos profesionales de est\u00e9tica que potencian y complementan los tratamientos de l\u00e1ser y radiofrecuencia \u00a1Visita Tahe Laser System!","og_url":"https:\/\/tahelaser.com\/en\/products-tahe-laser-system\/","og_site_name":"Tahe Laser System","article_modified_time":"2023-09-14T08:38:03+00:00","twitter_card":"summary_large_image","schema":{"@context":"https:\/\/schema.org","@graph":[{"@type":"WebPage","@id":"https:\/\/tahelaser.com\/en\/products-tahe-laser-system\/","url":"https:\/\/tahelaser.com\/en\/products-tahe-laser-system\/","name":"Productos Profesionales de Est\u00e9tica | Tahe Laser System","isPartOf":{"@id":"https:\/\/tahelaser.com\/en\/#website"},"datePublished":"2019-10-07T14:30:12+00:00","dateModified":"2023-09-14T08:38:03+00:00","description":"Descubre la l\u00ednea de productos profesionales de est\u00e9tica que potencian y complementan los tratamientos de l\u00e1ser y radiofrecuencia \u00a1Visita Tahe Laser System!","breadcrumb":{"@id":"https:\/\/tahelaser.com\/en\/products-tahe-laser-system\/#breadcrumb"},"inLanguage":"en-US","potentialAction":[{"@type":"ReadAction","target":["https:\/\/tahelaser.com\/en\/products-tahe-laser-system\/"]}]},{"@type":"BreadcrumbList","@id":"https:\/\/tahelaser.com\/en\/products-tahe-laser-system\/#breadcrumb","itemListElement":[{"@type":"ListItem","position":1,"name":"Home","item":"https:\/\/tahelaser.com\/en\/"},{"@type":"ListItem","position":2,"name":"Products"}]},{"@type":"WebSite","@id":"https:\/\/tahelaser.com\/en\/#website","url":"https:\/\/tahelaser.com\/en\/","name":"Tahe Laser System","description":"Alquiler de aparatolog\u00eda est\u00e9tica","publisher":{"@id":"https:\/\/tahelaser.com\/en\/#organization"},"potentialAction":[{"@type":"SearchAction","target":{"@type":"EntryPoint","urlTemplate":"https:\/\/tahelaser.com\/en\/?s={search_term_string}"},"query-input":{"@type":"PropertyValueSpecification","valueRequired":true,"valueName":"search_term_string"}}],"inLanguage":"en-US"},{"@type":"Organization","@id":"https:\/\/tahelaser.com\/en\/#organization","name":"Tahe Laser System","url":"https:\/\/tahelaser.com\/en\/","logo":{"@type":"ImageObject","inLanguage":"en-US","@id":"https:\/\/tahelaser.com\/en\/#\/schema\/logo\/image\/","url":"https:\/\/tahelaser.com\/wp-content\/uploads\/2019\/09\/Tahe-Laser-System-Logo.jpg","contentUrl":"https:\/\/tahelaser.com\/wp-content\/uploads\/2019\/09\/Tahe-Laser-System-Logo.jpg","width":1632,"height":896,"caption":"Tahe Laser System"},"image":{"@id":"https:\/\/tahelaser.com\/en\/#\/schema\/logo\/image\/"}}]}},"_links":{"self":[{"href":"https:\/\/tahelaser.com\/en\/wp-json\/wp\/v2\/pages\/10769","targetHints":{"allow":["GET"]}}],"collection":[{"href":"https:\/\/tahelaser.com\/en\/wp-json\/wp\/v2\/pages"}],"about":[{"href":"https:\/\/tahelaser.com\/en\/wp-json\/wp\/v2\/types\/page"}],"author":[{"embeddable":true,"href":"https:\/\/tahelaser.com\/en\/wp-json\/wp\/v2\/users\/8"}],"replies":[{"embeddable":true,"href":"https:\/\/tahelaser.com\/en\/wp-json\/wp\/v2\/comments?post=10769"}],"version-history":[{"count":6,"href":"https:\/\/tahelaser.com\/en\/wp-json\/wp\/v2\/pages\/10769\/revisions"}],"predecessor-version":[{"id":11406,"href":"https:\/\/tahelaser.com\/en\/wp-json\/wp\/v2\/pages\/10769\/revisions\/11406"}],"wp:attachment":[{"href":"https:\/\/tahelaser.com\/en\/wp-json\/wp\/v2\/media?parent=10769"}],"curies":[{"name":"wp","href":"https:\/\/api.w.org\/{rel}","templated":true}]}}